{"id":2512,"date":"2024-11-28T22:45:18","date_gmt":"2024-11-28T21:45:18","guid":{"rendered":"https:\/\/agenciaviiza.com\/?post_type=product&#038;p=2512"},"modified":"2024-11-29T20:35:22","modified_gmt":"2024-11-29T19:35:22","slug":"semana-santa-2025-en-punta-cana","status":"publish","type":"product","link":"https:\/\/agenciaviiza.com\/?product=semana-santa-2025-en-punta-cana","title":{"rendered":"Semana Santa  2025 en Punta Cana"},"content":{"rendered":"<p><strong> \u00a1Esc\u00e1pate al para\u00edso de Punta Cana con todo incluido<\/strong>!<br \/> Disfruta de unas vacaciones inolvidables en las playas m\u00e1s hermosas del Caribe, donde el descanso y la diversi\u00f3n est\u00e1n garantizados<br \/>Incluye:<br \/>&#8211; Boleto a\u00e9reo en la ruta Quito \u2013 Punta Cana \u2013 Quito<br \/>&#8211; Personal de despacho en aeropuerto<br \/>&#8211; Traslados Aeropuerto \u2013 Hotel \u2013 Aeropuerto Punta Cana<br \/>&#8211; 4 noches de alojamiento en el Hotel Occidental Caribe (habitaci\u00f3n est\u00e1ndar)<br \/>&#8211; Sistema ALL INCLUSIVE:<br \/>&#8211; Desayunos, almuerzos y cenas tipo buffet<br \/>&#8211; Bebidas soft y alcoh\u00f3licas nacionales ILIMITADAS<br \/>&#8211; Snacks y bocaditos ilimitados<br \/>&#8211; Acceso al casino<br \/>&#8211; Club nocturno<br \/>&#8211; Impuestos a\u00e9reos y hoteleros incluidos<br \/>&#8211; Tasas aeroportuarias Ecuador \u2013 Rep\u00fablica Dominicana<br \/>&#8211; Seguro de asistencia de viaje<\/p>\n","protected":false},"excerpt":{"rendered":"<p>\u00a1Esc\u00e1pate al para\u00edso de Punta Cana con todo incluido! Disfruta de unas vacaciones inolvidables en las playas m\u00e1s hermosas del Caribe, donde el descanso y la diversi\u00f3n est\u00e1n garantizadosIncluye:&#8211; Boleto a\u00e9reo en la ruta Quito \u2013 Punta Cana \u2013 Quito&#8211; Personal de despacho en aeropuerto&#8211; Traslados Aeropuerto \u2013 Hotel \u2013 Aeropuerto Punta Cana&#8211; 4 noches [&hellip;]<\/p>\n","protected":false},"featured_media":2532,"comment_status":"open","ping_status":"closed","template":"","meta":{"_glsr_average":0,"_glsr_ranking":0,"_glsr_reviews":0},"product_cat":[26],"product_tag":[],"class_list":{"0":"post-2512","1":"product","2":"type-product","3":"status-publish","4":"has-post-thumbnail","6":"product_cat-caribe","8":"first","9":"instock","10":"shipping-taxable","11":"product-type-external"},"aioseo_notices":[],"_links":{"self":[{"href":"https:\/\/agenciaviiza.com\/index.php?rest_route=\/wp\/v2\/product\/2512","targetHints":{"allow":["GET"]}}],"collection":[{"href":"https:\/\/agenciaviiza.com\/index.php?rest_route=\/wp\/v2\/product"}],"about":[{"href":"https:\/\/agenciaviiza.com\/index.php?rest_route=\/wp\/v2\/types\/product"}],"replies":[{"embeddable":true,"href":"https:\/\/agenciaviiza.com\/index.php?rest_route=%2Fwp%2Fv2%2Fcomments&post=2512"}],"wp:featuredmedia":[{"embeddable":true,"href":"https:\/\/agenciaviiza.com\/index.php?rest_route=\/wp\/v2\/media\/2532"}],"wp:attachment":[{"href":"https:\/\/agenciaviiza.com\/index.php?rest_route=%2Fwp%2Fv2%2Fmedia&parent=2512"}],"wp:term":[{"taxonomy":"product_cat","embeddable":true,"href":"https:\/\/agenciaviiza.com\/index.php?rest_route=%2Fwp%2Fv2%2Fproduct_cat&post=2512"},{"taxonomy":"product_tag","embeddable":true,"href":"https:\/\/agenciaviiza.com\/index.php?rest_route=%2Fwp%2Fv2%2Fproduct_tag&post=2512"}],"curies":[{"name":"wp","href":"https:\/\/api.w.org\/{rel}","templated":true}]}}