{"id":2498,"date":"2024-11-28T20:56:13","date_gmt":"2024-11-28T19:56:13","guid":{"rendered":"https:\/\/agenciaviiza.com\/?post_type=product&#038;p=2498"},"modified":"2024-11-29T20:17:55","modified_gmt":"2024-11-29T19:17:55","slug":"inicia-el-2025-con-el-eurotrip-de-tus-suenos","status":"publish","type":"product","link":"https:\/\/agenciaviiza.com\/?product=inicia-el-2025-con-el-eurotrip-de-tus-suenos","title":{"rendered":"Inicia el 2025 con el EuroTrip de tus Sue\u00f1os"},"content":{"rendered":"<p><strong>INICIA EL 2025 CON EL EUROTRIP DE TUS SUE\u00d1OS <\/strong><\/p>\n<p>\u00a1Recorre Europa y vive una experiencia inolvidable en 19 destinos ic\u00f3nicos!<\/p>\n<p><strong>Descubre:<\/strong><br \/> -Madrid<br \/>-Burdeos<br \/>-Blois<br \/>-Par\u00eds<br \/>-Luxemburgo<br \/>-Rin<br \/>-Frankfurt<br \/>-Heidelberg<br \/>-Selva Negra<br \/>-Z\u00farich, Lucerna y Vaduz<br \/>-M\u00fanich e Innsbruck<br \/> -Venecia<br \/>-Roma y Florencia<br \/>-Pisa<br \/>-Costa Azul<br \/>-Barcelona y Zaragoza<br \/>-Regreso a Madrid<br \/><strong>Incluye:<\/strong><br \/>-Boleto a\u00e9reo UIO o GYE &#8211; MADRID &#8211; UIO o GYE.<br \/>-Traslados aeropuerto &#8211; hotel &#8211; aeropuerto.<br \/>-Alojamiento en hoteles categor\u00eda Turista, Turista Superior y Primera.<br \/>-Desayuno diario.<br \/>-Gu\u00eda acompa\u00f1ante durante todo el viaje.<br \/>-Autocar de lujo y audiogu\u00eda.<br \/>-Visitas panor\u00e1micas en Madrid, Par\u00eds, Venecia, Roma y Florencia.<br \/>-Tasas hoteleras y propinas a gu\u00edas locales.<br \/>-Impuestos ecuatorianos y a\u00e9reos incluidos.<\/p>\n<p><\/p>\n","protected":false},"excerpt":{"rendered":"<p>INICIA EL 2025 CON EL EUROTRIP DE TUS SUE\u00d1OS \u00a1Recorre Europa y vive una experiencia inolvidable en 19 destinos ic\u00f3nicos! Descubre: -Madrid-Burdeos-Blois-Par\u00eds-Luxemburgo-Rin-Frankfurt-Heidelberg-Selva Negra-Z\u00farich, Lucerna y Vaduz-M\u00fanich e Innsbruck -Venecia-Roma y Florencia-Pisa-Costa Azul-Barcelona y Zaragoza-Regreso a MadridIncluye:-Boleto a\u00e9reo UIO o GYE &#8211; MADRID &#8211; UIO o GYE.-Traslados aeropuerto &#8211; hotel &#8211; aeropuerto.-Alojamiento en hoteles categor\u00eda Turista, [&hellip;]<\/p>\n","protected":false},"featured_media":2530,"comment_status":"open","ping_status":"closed","template":"","meta":{"_glsr_average":0,"_glsr_ranking":0,"_glsr_reviews":0},"product_cat":[30],"product_tag":[],"class_list":{"0":"post-2498","1":"product","2":"type-product","3":"status-publish","4":"has-post-thumbnail","6":"product_cat-europa","8":"first","9":"instock","10":"shipping-taxable","11":"product-type-external"},"aioseo_notices":[],"_links":{"self":[{"href":"https:\/\/agenciaviiza.com\/index.php?rest_route=\/wp\/v2\/product\/2498","targetHints":{"allow":["GET"]}}],"collection":[{"href":"https:\/\/agenciaviiza.com\/index.php?rest_route=\/wp\/v2\/product"}],"about":[{"href":"https:\/\/agenciaviiza.com\/index.php?rest_route=\/wp\/v2\/types\/product"}],"replies":[{"embeddable":true,"href":"https:\/\/agenciaviiza.com\/index.php?rest_route=%2Fwp%2Fv2%2Fcomments&post=2498"}],"wp:featuredmedia":[{"embeddable":true,"href":"https:\/\/agenciaviiza.com\/index.php?rest_route=\/wp\/v2\/media\/2530"}],"wp:attachment":[{"href":"https:\/\/agenciaviiza.com\/index.php?rest_route=%2Fwp%2Fv2%2Fmedia&parent=2498"}],"wp:term":[{"taxonomy":"product_cat","embeddable":true,"href":"https:\/\/agenciaviiza.com\/index.php?rest_route=%2Fwp%2Fv2%2Fproduct_cat&post=2498"},{"taxonomy":"product_tag","embeddable":true,"href":"https:\/\/agenciaviiza.com\/index.php?rest_route=%2Fwp%2Fv2%2Fproduct_tag&post=2498"}],"curies":[{"name":"wp","href":"https:\/\/api.w.org\/{rel}","templated":true}]}}