{"id":2495,"date":"2024-11-28T20:28:13","date_gmt":"2024-11-28T19:28:13","guid":{"rendered":"https:\/\/agenciaviiza.com\/?post_type=product&#038;p=2495"},"modified":"2024-11-29T20:14:04","modified_gmt":"2024-11-29T19:14:04","slug":"turquia-antalya-all-inclusive","status":"publish","type":"product","link":"https:\/\/agenciaviiza.com\/?product=turquia-antalya-all-inclusive","title":{"rendered":"Turqu\u00eda + Antalya All Inclusive"},"content":{"rendered":"<p><strong>Turqu\u00eda + Antalya All Inclusive <\/strong><\/p>\n<p>Del 05 al 19 de mayo de 2025<\/p>\n<p>\u00a1Un viaje inolvidable a los destinos m\u00e1s emblem\u00e1ticos de Turqu\u00eda!<br \/>&#8211;<br \/>Visita:<br \/>&#8211; Estambul.<br \/>&#8211; Capadocia.<br \/>&#8211; Antalya.<br \/>&#8211; Pamukkale.<br \/>&#8211; Kusadasi o Izmir.<br \/><strong>Incluye:<\/strong><br \/>&#8211; Traslados Aeropuerto \u2013 Hotel \u2013 Aeropuerto.<br \/>&#8211; Alojamiento: 10 d\u00edas \/ 9 noches.<br \/>&#8211; Alimentaci\u00f3n:<br \/>&#8211; 13 desayunos.<br \/>-Almuerzos.<br \/>&#8211; 6 Cenas.<\/p>\n<p>Estancias:<br \/>&#8211; 7 noches en Estambul.<br \/>-2 noches en Capadocia.<br \/>&#8211; 2 noches en Antalya.<br \/>&#8211; 1 noche en Pamukkale.<br \/>-1 noche en Kusadasi.<\/p>\n<p>&#8211; Gu\u00edas profesionales de habla hispana.<br \/>&#8211; Autocar con aire acondicionado y WiFi.<br \/>&#8211; 2 botellas de agua por d\u00eda por pasajero.<br \/>&#8211; Entradas a museos y sitios hist\u00f3ricos + tasas hoteleras.<br \/>&#8211; Seguro de asistencia m\u00e9dica por 16 d\u00edas (<em>aplica suplemento para mayores de 74 a\u00f1os<\/em>).<\/p>\n<p><strong>Cortes\u00edas Especiales<\/strong>:<br \/>Tour Nocturno: Galata y Taksim.<br \/>Visitas exclusivas:<br \/>Mezquita Sultan Suleiman el Magn\u00edfico.<br \/>Colina de \u00c7amlica.<br \/>Catedral del Patriarca San Jorge.<br \/>Almuerzo y visita al B\u00f3sforo Intercontinental.<br \/>Visita al Bazar de las Especias.<\/p>\n","protected":false},"excerpt":{"rendered":"<p>Turqu\u00eda + Antalya All Inclusive Del 05 al 19 de mayo de 2025 \u00a1Un viaje inolvidable a los destinos m\u00e1s emblem\u00e1ticos de Turqu\u00eda!&#8211;Visita:&#8211; Estambul.&#8211; Capadocia.&#8211; Antalya.&#8211; Pamukkale.&#8211; Kusadasi o Izmir.Incluye:&#8211; Traslados Aeropuerto \u2013 Hotel \u2013 Aeropuerto.&#8211; Alojamiento: 10 d\u00edas \/ 9 noches.&#8211; Alimentaci\u00f3n:&#8211; 13 desayunos.-Almuerzos.&#8211; 6 Cenas. Estancias:&#8211; 7 noches en Estambul.-2 noches en Capadocia.&#8211; [&hellip;]<\/p>\n","protected":false},"featured_media":2553,"comment_status":"open","ping_status":"closed","template":"","meta":{"_glsr_average":0,"_glsr_ranking":0,"_glsr_reviews":0},"product_cat":[35],"product_tag":[],"class_list":{"0":"post-2495","1":"product","2":"type-product","3":"status-publish","4":"has-post-thumbnail","6":"product_cat-medio-oriente","8":"first","9":"instock","10":"shipping-taxable","11":"product-type-external"},"aioseo_notices":[],"_links":{"self":[{"href":"https:\/\/agenciaviiza.com\/index.php?rest_route=\/wp\/v2\/product\/2495","targetHints":{"allow":["GET"]}}],"collection":[{"href":"https:\/\/agenciaviiza.com\/index.php?rest_route=\/wp\/v2\/product"}],"about":[{"href":"https:\/\/agenciaviiza.com\/index.php?rest_route=\/wp\/v2\/types\/product"}],"replies":[{"embeddable":true,"href":"https:\/\/agenciaviiza.com\/index.php?rest_route=%2Fwp%2Fv2%2Fcomments&post=2495"}],"wp:featuredmedia":[{"embeddable":true,"href":"https:\/\/agenciaviiza.com\/index.php?rest_route=\/wp\/v2\/media\/2553"}],"wp:attachment":[{"href":"https:\/\/agenciaviiza.com\/index.php?rest_route=%2Fwp%2Fv2%2Fmedia&parent=2495"}],"wp:term":[{"taxonomy":"product_cat","embeddable":true,"href":"https:\/\/agenciaviiza.com\/index.php?rest_route=%2Fwp%2Fv2%2Fproduct_cat&post=2495"},{"taxonomy":"product_tag","embeddable":true,"href":"https:\/\/agenciaviiza.com\/index.php?rest_route=%2Fwp%2Fv2%2Fproduct_tag&post=2495"}],"curies":[{"name":"wp","href":"https:\/\/api.w.org\/{rel}","templated":true}]}}