{"id":2493,"date":"2024-11-28T19:36:02","date_gmt":"2024-11-28T18:36:02","guid":{"rendered":"https:\/\/agenciaviiza.com\/?post_type=product&#038;p=2493"},"modified":"2024-11-29T20:02:32","modified_gmt":"2024-11-29T19:02:32","slug":"fin-de-ano-en-galapagos","status":"publish","type":"product","link":"https:\/\/agenciaviiza.com\/?product=fin-de-ano-en-galapagos","title":{"rendered":"Fin de A\u00f1o en Gal\u00e1pagos"},"content":{"rendered":"<p>\u00bfRecibe el a\u00f1o nuevo en un paradis\u00edaco destino de Ecuador viajando con tus seres queridos a Gal\u00e1pagos con nuestro paquete todo incluido.<\/p>\n<p>Incluye:\u00a0<br \/>Este plan de 4 d\u00edas 3 noches INCLUYE:<br \/>&#8211; Boletos A\u00e9reos.<br \/>-Transporte terrestre.<br \/>\u00a0-Alojamientos.<br \/>-Desayunos, Almuerzos y Cenas.<br \/>-Excursiones.<br \/>-Snorkelling.<br \/>-Gu\u00edas<br \/>-CENA DE FIN DE A\u00d1O<\/p>\n","protected":false},"excerpt":{"rendered":"<p>\u00bfRecibe el a\u00f1o nuevo en un paradis\u00edaco destino de Ecuador viajando con tus seres queridos a Gal\u00e1pagos con nuestro paquete todo incluido. Incluye:\u00a0Este plan de 4 d\u00edas 3 noches INCLUYE:&#8211; Boletos A\u00e9reos.-Transporte terrestre.\u00a0-Alojamientos.-Desayunos, Almuerzos y Cenas.-Excursiones.-Snorkelling.-Gu\u00edas-CENA DE FIN DE A\u00d1O<\/p>\n","protected":false},"featured_media":2545,"comment_status":"open","ping_status":"closed","template":"","meta":{"_glsr_average":0,"_glsr_ranking":0,"_glsr_reviews":0},"product_cat":[31],"product_tag":[],"class_list":{"0":"post-2493","1":"product","2":"type-product","3":"status-publish","4":"has-post-thumbnail","6":"product_cat-ecuador","8":"first","9":"instock","10":"shipping-taxable","11":"product-type-external"},"aioseo_notices":[],"_links":{"self":[{"href":"https:\/\/agenciaviiza.com\/index.php?rest_route=\/wp\/v2\/product\/2493","targetHints":{"allow":["GET"]}}],"collection":[{"href":"https:\/\/agenciaviiza.com\/index.php?rest_route=\/wp\/v2\/product"}],"about":[{"href":"https:\/\/agenciaviiza.com\/index.php?rest_route=\/wp\/v2\/types\/product"}],"replies":[{"embeddable":true,"href":"https:\/\/agenciaviiza.com\/index.php?rest_route=%2Fwp%2Fv2%2Fcomments&post=2493"}],"wp:featuredmedia":[{"embeddable":true,"href":"https:\/\/agenciaviiza.com\/index.php?rest_route=\/wp\/v2\/media\/2545"}],"wp:attachment":[{"href":"https:\/\/agenciaviiza.com\/index.php?rest_route=%2Fwp%2Fv2%2Fmedia&parent=2493"}],"wp:term":[{"taxonomy":"product_cat","embeddable":true,"href":"https:\/\/agenciaviiza.com\/index.php?rest_route=%2Fwp%2Fv2%2Fproduct_cat&post=2493"},{"taxonomy":"product_tag","embeddable":true,"href":"https:\/\/agenciaviiza.com\/index.php?rest_route=%2Fwp%2Fv2%2Fproduct_tag&post=2493"}],"curies":[{"name":"wp","href":"https:\/\/api.w.org\/{rel}","templated":true}]}}