{"id":2491,"date":"2024-11-28T19:31:39","date_gmt":"2024-11-28T18:31:39","guid":{"rendered":"https:\/\/agenciaviiza.com\/?post_type=product&#038;p=2491"},"modified":"2024-11-29T19:59:32","modified_gmt":"2024-11-29T18:59:32","slug":"fin-de-ano-en-republica-dominicana","status":"publish","type":"product","link":"https:\/\/agenciaviiza.com\/?product=fin-de-ano-en-republica-dominicana","title":{"rendered":"Fin de A\u00f1o en Rep\u00fablica Dominicana"},"content":{"rendered":"<p>\u00bfQu\u00e9 esperas para vivir un fin de a\u00f1o inolvidable en Punta Cana lleno de experiencias inolvidables?<\/p>\n<p>INCLUYE:<br \/>-Boletos A\u00e9reos Internacional.<br \/>\u00a0-Traslados Aeropuerto-Hotel-Aeropuerto.<br \/>Hotel.<br \/>-Sistema ALL INCLUSIVE.<br \/>-BEBIDAS ILIMITADAS.<br \/>\u00a0-Snacks y Bocaditos Ilimitados.<br \/>-Casino.<br \/>-Club Nocturno.<br \/>-CENA DE NAVIDAD.<\/p>\n","protected":false},"excerpt":{"rendered":"<p>\u00bfQu\u00e9 esperas para vivir un fin de a\u00f1o inolvidable en Punta Cana lleno de experiencias inolvidables? INCLUYE:-Boletos A\u00e9reos Internacional.\u00a0-Traslados Aeropuerto-Hotel-Aeropuerto.Hotel.-Sistema ALL INCLUSIVE.-BEBIDAS ILIMITADAS.\u00a0-Snacks y Bocaditos Ilimitados.-Casino.-Club Nocturno.-CENA DE NAVIDAD.<\/p>\n","protected":false},"featured_media":2544,"comment_status":"open","ping_status":"closed","template":"","meta":{"_glsr_average":0,"_glsr_ranking":0,"_glsr_reviews":0},"product_cat":[29],"product_tag":[],"class_list":{"0":"post-2491","1":"product","2":"type-product","3":"status-publish","4":"has-post-thumbnail","6":"product_cat-latinoamerica","8":"first","9":"instock","10":"shipping-taxable","11":"product-type-external"},"aioseo_notices":[],"_links":{"self":[{"href":"https:\/\/agenciaviiza.com\/index.php?rest_route=\/wp\/v2\/product\/2491","targetHints":{"allow":["GET"]}}],"collection":[{"href":"https:\/\/agenciaviiza.com\/index.php?rest_route=\/wp\/v2\/product"}],"about":[{"href":"https:\/\/agenciaviiza.com\/index.php?rest_route=\/wp\/v2\/types\/product"}],"replies":[{"embeddable":true,"href":"https:\/\/agenciaviiza.com\/index.php?rest_route=%2Fwp%2Fv2%2Fcomments&post=2491"}],"wp:featuredmedia":[{"embeddable":true,"href":"https:\/\/agenciaviiza.com\/index.php?rest_route=\/wp\/v2\/media\/2544"}],"wp:attachment":[{"href":"https:\/\/agenciaviiza.com\/index.php?rest_route=%2Fwp%2Fv2%2Fmedia&parent=2491"}],"wp:term":[{"taxonomy":"product_cat","embeddable":true,"href":"https:\/\/agenciaviiza.com\/index.php?rest_route=%2Fwp%2Fv2%2Fproduct_cat&post=2491"},{"taxonomy":"product_tag","embeddable":true,"href":"https:\/\/agenciaviiza.com\/index.php?rest_route=%2Fwp%2Fv2%2Fproduct_tag&post=2491"}],"curies":[{"name":"wp","href":"https:\/\/api.w.org\/{rel}","templated":true}]}}