{"id":2489,"date":"2024-11-28T19:24:28","date_gmt":"2024-11-28T18:24:28","guid":{"rendered":"https:\/\/agenciaviiza.com\/?post_type=product&#038;p=2489"},"modified":"2024-11-29T18:56:42","modified_gmt":"2024-11-29T17:56:42","slug":"recibe-el-2025-en-orlando","status":"publish","type":"product","link":"https:\/\/agenciaviiza.com\/?product=recibe-el-2025-en-orlando","title":{"rendered":"\u00a1Recibe el 2025 en Orlando!"},"content":{"rendered":"<p>\u00bfConoces una manera mejor de iniciar el 2025 que Disfrutando de lo mejor de Orlando? \u00a1Nosotros tampoco!<br \/>Viaja a Orlando en este 2024 y recibe el 2025 rodeado de magia y diversi\u00f3n.<\/p>\n<p>Incluye:<br \/>-Boleto a\u00e9reo Quito &#8211; Bogot\u00e1 &#8211; Miami.<br \/>-Traslados Aeropuerto-Hotel-Aeropuerto.<br \/>Alojamiento.<br \/>-Desayunos<br \/>-Tour Panor\u00e1mico Orlando + Almuerzo Tony\u2019s Restaurante + Compras Premium Outlet.<br \/>Traslados y admisi\u00f3n a:<br \/>-1 D\u00cdA SEAWORLD.<br \/>-1 D\u00cdA AQUATICA.<br \/>-1 D\u00cdA ICON PARK.<br \/>-Traslados Disney Springs.<\/p>\n","protected":false},"excerpt":{"rendered":"<p>\u00bfConoces una manera mejor de iniciar el 2025 que Disfrutando de lo mejor de Orlando? \u00a1Nosotros tampoco!Viaja a Orlando en este 2024 y recibe el 2025 rodeado de magia y diversi\u00f3n. Incluye:-Boleto a\u00e9reo Quito &#8211; Bogot\u00e1 &#8211; Miami.-Traslados Aeropuerto-Hotel-Aeropuerto.Alojamiento.-Desayunos-Tour Panor\u00e1mico Orlando + Almuerzo Tony\u2019s Restaurante + Compras Premium Outlet.Traslados y admisi\u00f3n a:-1 D\u00cdA SEAWORLD.-1 D\u00cdA [&hellip;]<\/p>\n","protected":false},"featured_media":2546,"comment_status":"open","ping_status":"closed","template":"","meta":{"_glsr_average":0,"_glsr_ranking":0,"_glsr_reviews":0},"product_cat":[32],"product_tag":[],"class_list":{"0":"post-2489","1":"product","2":"type-product","3":"status-publish","4":"has-post-thumbnail","6":"product_cat-america-del-norte","8":"first","9":"instock","10":"shipping-taxable","11":"product-type-external"},"aioseo_notices":[],"_links":{"self":[{"href":"https:\/\/agenciaviiza.com\/index.php?rest_route=\/wp\/v2\/product\/2489","targetHints":{"allow":["GET"]}}],"collection":[{"href":"https:\/\/agenciaviiza.com\/index.php?rest_route=\/wp\/v2\/product"}],"about":[{"href":"https:\/\/agenciaviiza.com\/index.php?rest_route=\/wp\/v2\/types\/product"}],"replies":[{"embeddable":true,"href":"https:\/\/agenciaviiza.com\/index.php?rest_route=%2Fwp%2Fv2%2Fcomments&post=2489"}],"wp:featuredmedia":[{"embeddable":true,"href":"https:\/\/agenciaviiza.com\/index.php?rest_route=\/wp\/v2\/media\/2546"}],"wp:attachment":[{"href":"https:\/\/agenciaviiza.com\/index.php?rest_route=%2Fwp%2Fv2%2Fmedia&parent=2489"}],"wp:term":[{"taxonomy":"product_cat","embeddable":true,"href":"https:\/\/agenciaviiza.com\/index.php?rest_route=%2Fwp%2Fv2%2Fproduct_cat&post=2489"},{"taxonomy":"product_tag","embeddable":true,"href":"https:\/\/agenciaviiza.com\/index.php?rest_route=%2Fwp%2Fv2%2Fproduct_tag&post=2489"}],"curies":[{"name":"wp","href":"https:\/\/api.w.org\/{rel}","templated":true}]}}