{"id":2486,"date":"2024-11-28T19:20:19","date_gmt":"2024-11-28T18:20:19","guid":{"rendered":"https:\/\/agenciaviiza.com\/?post_type=product&#038;p=2486"},"modified":"2024-11-29T18:56:04","modified_gmt":"2024-11-29T17:56:04","slug":"navidad-inolvidable-en-galapagos","status":"publish","type":"product","link":"https:\/\/agenciaviiza.com\/?product=navidad-inolvidable-en-galapagos","title":{"rendered":"Navidad inolvidable en Gal\u00e1pagos"},"content":{"rendered":"<p>Sal de la rutina y viaja a Gal\u00e1pagos en estas Navidades con nuestro paquete todo incluido.\u00a0<\/p>\n<p>Incluye:<br \/>-Boletos A\u00e9reos.<br \/>-Transporte terrestre.<br \/>-Hospedaje.<br \/>-Alimentaci\u00f3n.<br \/>-Snorkelling.<br \/>-Excursiones.<br \/>-Gu\u00edas naturalistas.\u00a0<\/p>\n","protected":false},"excerpt":{"rendered":"<p>Sal de la rutina y viaja a Gal\u00e1pagos en estas Navidades con nuestro paquete todo incluido.\u00a0 Incluye:-Boletos A\u00e9reos.-Transporte terrestre.-Hospedaje.-Alimentaci\u00f3n.-Snorkelling.-Excursiones.-Gu\u00edas naturalistas.\u00a0<\/p>\n","protected":false},"featured_media":2547,"comment_status":"open","ping_status":"closed","template":"","meta":{"_glsr_average":0,"_glsr_ranking":0,"_glsr_reviews":0},"product_cat":[31],"product_tag":[],"class_list":{"0":"post-2486","1":"product","2":"type-product","3":"status-publish","4":"has-post-thumbnail","6":"product_cat-ecuador","8":"first","9":"instock","10":"shipping-taxable","11":"product-type-external"},"aioseo_notices":[],"_links":{"self":[{"href":"https:\/\/agenciaviiza.com\/index.php?rest_route=\/wp\/v2\/product\/2486","targetHints":{"allow":["GET"]}}],"collection":[{"href":"https:\/\/agenciaviiza.com\/index.php?rest_route=\/wp\/v2\/product"}],"about":[{"href":"https:\/\/agenciaviiza.com\/index.php?rest_route=\/wp\/v2\/types\/product"}],"replies":[{"embeddable":true,"href":"https:\/\/agenciaviiza.com\/index.php?rest_route=%2Fwp%2Fv2%2Fcomments&post=2486"}],"wp:featuredmedia":[{"embeddable":true,"href":"https:\/\/agenciaviiza.com\/index.php?rest_route=\/wp\/v2\/media\/2547"}],"wp:attachment":[{"href":"https:\/\/agenciaviiza.com\/index.php?rest_route=%2Fwp%2Fv2%2Fmedia&parent=2486"}],"wp:term":[{"taxonomy":"product_cat","embeddable":true,"href":"https:\/\/agenciaviiza.com\/index.php?rest_route=%2Fwp%2Fv2%2Fproduct_cat&post=2486"},{"taxonomy":"product_tag","embeddable":true,"href":"https:\/\/agenciaviiza.com\/index.php?rest_route=%2Fwp%2Fv2%2Fproduct_tag&post=2486"}],"curies":[{"name":"wp","href":"https:\/\/api.w.org\/{rel}","templated":true}]}}