{"id":2458,"date":"2024-11-27T10:00:24","date_gmt":"2024-11-27T09:00:24","guid":{"rendered":"https:\/\/agenciaviiza.com\/?post_type=product&#038;p=2458"},"modified":"2024-11-29T18:24:08","modified_gmt":"2024-11-29T17:24:08","slug":"fin-de-ano-en-panama","status":"publish","type":"product","link":"https:\/\/agenciaviiza.com\/?product=fin-de-ano-en-panama","title":{"rendered":"Fin de a\u00f1o en Panam\u00e1"},"content":{"rendered":"","protected":false},"excerpt":{"rendered":"<p>\u00a1Dale la bienvenida al 2025 en Panam\u00e1! Vive una experiencia \u00fanica con tours de compras, playas paradis\u00edacas y visitas a impresionantes monumentos hist\u00f3ricos. \u00bfEst\u00e1s listo para una aventura inolvidable? \u00a1Panam\u00e1 te espera!<\/p>\n<p>Incluye:<br \/> -Boleto a\u00e9reo en la ruta Quito \u2013 Panam\u00e1 \u2013 Quito.<br \/> -Traslados hotel ciudad a hotel de playa.<br \/> -02 noches de Alojamiento en Playa Hotel a elecci\u00f3n.<br \/> -02 noches de Alojamiento en Ciudad Hotel a elecci\u00f3n.<br \/> -Desayuno tipo Continental en Ciudad. Desayunos, almuerzos y cenas tipo buffet en hotel de playa.<br \/>-Snacks y bebidas ilimitadas en hotel de playa.<br \/> -Tour panor\u00e1mico + Medio d\u00eda de excursi\u00f3n al Canal con entrada incluida + Tour de compras a Albrook Mall.<br \/>-Cena Show Fin de A\u00f1o Hotel Playa. <br \/>-Botella de Ron por habitaci\u00f3n.<br \/>&#8211; Tour compras Multiplaza (traslados solo idos).<\/p>\n","protected":false},"featured_media":2550,"comment_status":"open","ping_status":"closed","template":"","meta":{"_glsr_average":0,"_glsr_ranking":0,"_glsr_reviews":0},"product_cat":[26],"product_tag":[],"class_list":{"0":"post-2458","1":"product","2":"type-product","3":"status-publish","4":"has-post-thumbnail","6":"product_cat-caribe","8":"first","9":"instock","10":"shipping-taxable","11":"product-type-external"},"aioseo_notices":[],"_links":{"self":[{"href":"https:\/\/agenciaviiza.com\/index.php?rest_route=\/wp\/v2\/product\/2458","targetHints":{"allow":["GET"]}}],"collection":[{"href":"https:\/\/agenciaviiza.com\/index.php?rest_route=\/wp\/v2\/product"}],"about":[{"href":"https:\/\/agenciaviiza.com\/index.php?rest_route=\/wp\/v2\/types\/product"}],"replies":[{"embeddable":true,"href":"https:\/\/agenciaviiza.com\/index.php?rest_route=%2Fwp%2Fv2%2Fcomments&post=2458"}],"wp:featuredmedia":[{"embeddable":true,"href":"https:\/\/agenciaviiza.com\/index.php?rest_route=\/wp\/v2\/media\/2550"}],"wp:attachment":[{"href":"https:\/\/agenciaviiza.com\/index.php?rest_route=%2Fwp%2Fv2%2Fmedia&parent=2458"}],"wp:term":[{"taxonomy":"product_cat","embeddable":true,"href":"https:\/\/agenciaviiza.com\/index.php?rest_route=%2Fwp%2Fv2%2Fproduct_cat&post=2458"},{"taxonomy":"product_tag","embeddable":true,"href":"https:\/\/agenciaviiza.com\/index.php?rest_route=%2Fwp%2Fv2%2Fproduct_tag&post=2458"}],"curies":[{"name":"wp","href":"https:\/\/api.w.org\/{rel}","templated":true}]}}