{"id":1524,"date":"2024-06-07T00:26:47","date_gmt":"2024-06-06T22:26:47","guid":{"rendered":"https:\/\/agenciaviiza.com\/?post_type=product&#038;p=1524"},"modified":"2024-06-16T01:12:02","modified_gmt":"2024-06-15T23:12:02","slug":"buenos-aires-iguazu-6-dias-5-noches","status":"publish","type":"product","link":"https:\/\/agenciaviiza.com\/?product=buenos-aires-iguazu-6-dias-5-noches","title":{"rendered":"BUENOS AIRES + IGUAZU 6 D\u00cdAS 5 NOCHES"},"content":{"rendered":"<p>Te gusta una experiencia al aire libre, conoce las Cataratas m\u00e1s majestuosas y altamente reconocidas en el mundo, ven y cotiza con nosotros!<\/p>\n<p><strong>PROGRAMA INCLUYE:<\/strong><\/p>\n<p>-Boleto a\u00e9reo GYE \u2013 PTY \u2013 EZE \u2013 PTY \u2013 GYE v\u00eda Copa Airlines (incluye maleta de mano de 10 kg)<br \/>-Boleto interno AEP \u2013 IGR \u2013 AEP v\u00eda Aerol\u00edneas argentinas (incluye maleta de mano de 10 kg)<br \/>-02 noches de alojamiento con desayuno en Buenos Aires.<br \/>-Tour de medio d\u00eda para Visita de la ciudad en servicio compartido.<br \/>-02 noches de alojamiento con desayuno en Iguaz\u00fa.<br \/>-D\u00eda Completo &#8211; Cataratas Argentinas con entradas.<br \/>-Tour de medio d\u00eda a Cataratas Brasileras con entradas en servicio compartido.<br \/>-01 noche de alojamiento con desayuno en Buenos Aires<br \/>-Traslados en Buenos Aires en servicio privado, en Iguaz\u00fa en servicio regular<br \/>-Seguro de asistencia Assist Card x 6 d\u00edas (s\u00f3lo aplica para ecuatorianos. Suplemento en seguro para mayores de 70 a\u00f1os)<br \/>-Impuestos Hoteleros<br \/>-IVA e impuestos de Ecuador<\/p>\n","protected":false},"excerpt":{"rendered":"<p>Te gusta una experiencia al aire libre, conoce las Cataratas m\u00e1s majestuosas y altamente reconocidas en el mundo, ven y cotiza con nosotros! PROGRAMA INCLUYE: -Boleto a\u00e9reo GYE \u2013 PTY \u2013 EZE \u2013 PTY \u2013 GYE v\u00eda Copa Airlines (incluye maleta de mano de 10 kg)-Boleto interno AEP \u2013 IGR \u2013 AEP v\u00eda Aerol\u00edneas argentinas [&hellip;]<\/p>\n","protected":false},"featured_media":1649,"comment_status":"open","ping_status":"closed","template":"","meta":{"_glsr_average":0,"_glsr_ranking":0,"_glsr_reviews":0},"product_cat":[29],"product_tag":[],"class_list":{"0":"post-1524","1":"product","2":"type-product","3":"status-publish","4":"has-post-thumbnail","6":"product_cat-latinoamerica","8":"first","9":"instock","10":"sale","11":"shipping-taxable","12":"purchasable","13":"product-type-simple"},"aioseo_notices":[],"_links":{"self":[{"href":"https:\/\/agenciaviiza.com\/index.php?rest_route=\/wp\/v2\/product\/1524","targetHints":{"allow":["GET"]}}],"collection":[{"href":"https:\/\/agenciaviiza.com\/index.php?rest_route=\/wp\/v2\/product"}],"about":[{"href":"https:\/\/agenciaviiza.com\/index.php?rest_route=\/wp\/v2\/types\/product"}],"replies":[{"embeddable":true,"href":"https:\/\/agenciaviiza.com\/index.php?rest_route=%2Fwp%2Fv2%2Fcomments&post=1524"}],"wp:featuredmedia":[{"embeddable":true,"href":"https:\/\/agenciaviiza.com\/index.php?rest_route=\/wp\/v2\/media\/1649"}],"wp:attachment":[{"href":"https:\/\/agenciaviiza.com\/index.php?rest_route=%2Fwp%2Fv2%2Fmedia&parent=1524"}],"wp:term":[{"taxonomy":"product_cat","embeddable":true,"href":"https:\/\/agenciaviiza.com\/index.php?rest_route=%2Fwp%2Fv2%2Fproduct_cat&post=1524"},{"taxonomy":"product_tag","embeddable":true,"href":"https:\/\/agenciaviiza.com\/index.php?rest_route=%2Fwp%2Fv2%2Fproduct_tag&post=1524"}],"curies":[{"name":"wp","href":"https:\/\/api.w.org\/{rel}","templated":true}]}}