{"id":1521,"date":"2024-06-07T00:18:55","date_gmt":"2024-06-06T22:18:55","guid":{"rendered":"https:\/\/agenciaviiza.com\/?post_type=product&#038;p=1521"},"modified":"2024-06-07T00:23:29","modified_gmt":"2024-06-06T22:23:29","slug":"panama-ciudad-y-playa-5d-4n","status":"publish","type":"product","link":"https:\/\/agenciaviiza.com\/?product=panama-ciudad-y-playa-5d-4n","title":{"rendered":"PANAM\u00c1 CIUDAD Y PLAYA 5D &#8211; 4N"},"content":{"rendered":"<p>&#8211;  Boleto a\u00e9reo en la ruta Quito \u2013 Panam\u00e1 \u2013 Quito<br \/>&#8211;  Asistencia en el aeropuerto<br \/>&#8211;  Traslados hotel ciudad a hotel de playa.<br \/>&#8211; 02 noches de Alojamiento en Ciudad Hotel a elecci\u00f3n.<br \/>&#8211; 01 noche de Alojamiento en Playa Hotel Playa Blanca.<br \/>&#8211; Desayuno tipo Continental en Ciudad<br \/>&#8211; Desayunos, almuerzos y cenas tipo buffet en hotel de playa.<br \/>&#8211; Snacks y bebidas ilimitadas en hotel de playa<br \/>&#8211; Tour panor\u00e1mico + Medio d\u00eda de excursi\u00f3n al canal con entrada incluida + Tour de compras a Albrook Mall<br \/>CORTESIAS.<br \/>&#8211; Botella de Ron por habitaci\u00f3n<br \/>&#8211; Chip de Celular por habitaci\u00f3n (sin saldo)<br \/>&#8211;  Tour compras Multiplaza (traslados solo ida)<\/p>\n","protected":false},"excerpt":{"rendered":"<p>&#8211; Boleto a\u00e9reo en la ruta Quito \u2013 Panam\u00e1 \u2013 Quito&#8211; Asistencia en el aeropuerto&#8211; Traslados hotel ciudad a hotel de playa.&#8211; 02 noches de Alojamiento en Ciudad Hotel a elecci\u00f3n.&#8211; 01 noche de Alojamiento en Playa Hotel Playa Blanca.&#8211; Desayuno tipo Continental en Ciudad&#8211; Desayunos, almuerzos y cenas tipo buffet en hotel de playa.&#8211; [&hellip;]<\/p>\n","protected":false},"featured_media":1218,"comment_status":"open","ping_status":"closed","template":"","meta":{"_glsr_average":0,"_glsr_ranking":0,"_glsr_reviews":0},"product_cat":[26],"product_tag":[],"class_list":{"0":"post-1521","1":"product","2":"type-product","3":"status-publish","4":"has-post-thumbnail","6":"product_cat-caribe","8":"first","9":"instock","10":"shipping-taxable","11":"purchasable","12":"product-type-simple"},"aioseo_notices":[],"_links":{"self":[{"href":"https:\/\/agenciaviiza.com\/index.php?rest_route=\/wp\/v2\/product\/1521","targetHints":{"allow":["GET"]}}],"collection":[{"href":"https:\/\/agenciaviiza.com\/index.php?rest_route=\/wp\/v2\/product"}],"about":[{"href":"https:\/\/agenciaviiza.com\/index.php?rest_route=\/wp\/v2\/types\/product"}],"replies":[{"embeddable":true,"href":"https:\/\/agenciaviiza.com\/index.php?rest_route=%2Fwp%2Fv2%2Fcomments&post=1521"}],"wp:featuredmedia":[{"embeddable":true,"href":"https:\/\/agenciaviiza.com\/index.php?rest_route=\/wp\/v2\/media\/1218"}],"wp:attachment":[{"href":"https:\/\/agenciaviiza.com\/index.php?rest_route=%2Fwp%2Fv2%2Fmedia&parent=1521"}],"wp:term":[{"taxonomy":"product_cat","embeddable":true,"href":"https:\/\/agenciaviiza.com\/index.php?rest_route=%2Fwp%2Fv2%2Fproduct_cat&post=1521"},{"taxonomy":"product_tag","embeddable":true,"href":"https:\/\/agenciaviiza.com\/index.php?rest_route=%2Fwp%2Fv2%2Fproduct_tag&post=1521"}],"curies":[{"name":"wp","href":"https:\/\/api.w.org\/{rel}","templated":true}]}}