{"id":1510,"date":"2024-06-06T23:54:17","date_gmt":"2024-06-06T21:54:17","guid":{"rendered":"https:\/\/agenciaviiza.com\/?post_type=product&#038;p=1510"},"modified":"2024-06-16T01:07:44","modified_gmt":"2024-06-15T23:07:44","slug":"san-andres-5-dias-4-noches","status":"publish","type":"product","link":"https:\/\/agenciaviiza.com\/?product=san-andres-5-dias-4-noches","title":{"rendered":"SAN ANDRES 5 DIAS 4 NOCHES"},"content":{"rendered":"<p>Conoce uno de los destinos mas visitados en este verano, y crea nuevas recuerdos acompa\u00f1ado con los que m\u00e1s quieres en San Andr\u00e9s.<\/p>\n<p><strong>INCLUYE:<\/strong><\/p>\n<p>&#8211;<strong>Boleto a\u00e9reo Quito \u2013 San Andr\u00e9s \u2013 Quito con Aeroregional.\u00a0<\/strong><br \/>-Traslado aeropuerto \u2013 hotel \u2013 aeropuerto en servicio regular.<br \/>&#8211;<strong>04 (CUATRO) noches de alojamiento en hotel <\/strong>Blue Cove<br \/>-Plan alimenticio todo incluido con bebidas incluidas.<br \/>-Uso de instalaciones.<br \/>&#8211;<strong>PLAN 4X1:<\/strong><br \/>&#8211;<strong>Ingreso a Playa Marrakech<\/strong> con asoleadora por 3 horas, happy hour 2&#215;1, coctel de bienvenida y descuento de 15% en la carta.<br \/>&#8211;<strong>Ingreso a Terraza Cove <\/strong>con asoleadora por 3 horas, happy hour 2&#215;1, paleta de licor de bienvenida, toallas de playa y descenso a piscina natural.<br \/>&#8211;<strong>Ton\u00e9 Moreira <\/strong>con un men\u00fa tipo buffet (desayuno, almuerzo o cena a preferencia del pasajero).<br \/>&#8211;<strong>Ingreso a Ton\u00e9 Pub <\/strong>con happy hour 2&#215;1 y descuento de 20% en la carta.<br \/>&#8211;<strong>Vuelta a la Isla en servicio regular.<\/strong><br \/>&#8211;<strong>Visita al acuario en servicio regular.<\/strong><br \/>&#8211;<strong>UN (01) EQUIPAJE DE 23 KG EN CARGA + UNA (01) MALETA DE MANO\u00a0<\/strong><br \/><strong>DE 10 KG POR PAX.<\/strong><br \/>-Tarjeta de asistencia cobertura Covid-19.<br \/>&#8211;<strong>GRATIS asistencia m\u00e9dica virtual.<\/strong><br \/>-Tasas aeroportuarias de Ecuador y de Colombia.<br \/>-Impuestos a\u00e9reos y hoteleros.<\/p>\n","protected":false},"excerpt":{"rendered":"<p>Conoce uno de los destinos mas visitados en este verano, y crea nuevas recuerdos acompa\u00f1ado con los que m\u00e1s quieres en San Andr\u00e9s. INCLUYE: &#8211;Boleto a\u00e9reo Quito \u2013 San Andr\u00e9s \u2013 Quito con Aeroregional.\u00a0-Traslado aeropuerto \u2013 hotel \u2013 aeropuerto en servicio regular.&#8211;04 (CUATRO) noches de alojamiento en hotel Blue Cove-Plan alimenticio todo incluido con bebidas [&hellip;]<\/p>\n","protected":false},"featured_media":1463,"comment_status":"open","ping_status":"closed","template":"","meta":{"_glsr_average":0,"_glsr_ranking":0,"_glsr_reviews":0},"product_cat":[26,29],"product_tag":[],"class_list":{"0":"post-1510","1":"product","2":"type-product","3":"status-publish","4":"has-post-thumbnail","6":"product_cat-caribe","7":"product_cat-latinoamerica","9":"first","10":"instock","11":"sale","12":"shipping-taxable","13":"purchasable","14":"product-type-simple"},"aioseo_notices":[],"_links":{"self":[{"href":"https:\/\/agenciaviiza.com\/index.php?rest_route=\/wp\/v2\/product\/1510","targetHints":{"allow":["GET"]}}],"collection":[{"href":"https:\/\/agenciaviiza.com\/index.php?rest_route=\/wp\/v2\/product"}],"about":[{"href":"https:\/\/agenciaviiza.com\/index.php?rest_route=\/wp\/v2\/types\/product"}],"replies":[{"embeddable":true,"href":"https:\/\/agenciaviiza.com\/index.php?rest_route=%2Fwp%2Fv2%2Fcomments&post=1510"}],"wp:featuredmedia":[{"embeddable":true,"href":"https:\/\/agenciaviiza.com\/index.php?rest_route=\/wp\/v2\/media\/1463"}],"wp:attachment":[{"href":"https:\/\/agenciaviiza.com\/index.php?rest_route=%2Fwp%2Fv2%2Fmedia&parent=1510"}],"wp:term":[{"taxonomy":"product_cat","embeddable":true,"href":"https:\/\/agenciaviiza.com\/index.php?rest_route=%2Fwp%2Fv2%2Fproduct_cat&post=1510"},{"taxonomy":"product_tag","embeddable":true,"href":"https:\/\/agenciaviiza.com\/index.php?rest_route=%2Fwp%2Fv2%2Fproduct_tag&post=1510"}],"curies":[{"name":"wp","href":"https:\/\/api.w.org\/{rel}","templated":true}]}}