{"id":1508,"date":"2024-06-06T23:52:19","date_gmt":"2024-06-06T21:52:19","guid":{"rendered":"https:\/\/agenciaviiza.com\/?post_type=product&#038;p=1508"},"modified":"2024-06-16T01:10:47","modified_gmt":"2024-06-15T23:10:47","slug":"ruta-del-tequila-cmx-6-dias-5-noches","status":"publish","type":"product","link":"https:\/\/agenciaviiza.com\/?product=ruta-del-tequila-cmx-6-dias-5-noches","title":{"rendered":"RUTA DEL TEQUILA + CMX 6 D\u00cdAS &#8211; 5 NOCHES"},"content":{"rendered":"<p>Viaja con tu persona favorita en un paquete imperdible a M\u00e9xico que incluye Ciudad de M\u00e9xico, San Migellende y Guadalajara.<\/p>\n<p>Incluye:<br \/>&#8211; Traslado Aeropuerto &#8211; Hotel &#8211; Aeropuerto.<br \/>&#8211; 2 noches con hospedaje en Ciudad de M\u00e9xico.<br \/>&#8211; 1 noche con hospedaje en San Miguel de Allende.<br \/>&#8211; 2 noches con hospedaje en Ciudad de M\u00e9xico.<br \/>&#8211; Desayunos.<\/p>\n","protected":false},"excerpt":{"rendered":"<p>Viaja con tu persona favorita en un paquete imperdible a M\u00e9xico que incluye Ciudad de M\u00e9xico, San Migellende y Guadalajara. Incluye:&#8211; Traslado Aeropuerto &#8211; Hotel &#8211; Aeropuerto.&#8211; 2 noches con hospedaje en Ciudad de M\u00e9xico.&#8211; 1 noche con hospedaje en San Miguel de Allende.&#8211; 2 noches con hospedaje en Ciudad de M\u00e9xico.&#8211; Desayunos.<\/p>\n","protected":false},"featured_media":1492,"comment_status":"open","ping_status":"closed","template":"","meta":{"_glsr_average":0,"_glsr_ranking":0,"_glsr_reviews":0},"product_cat":[26],"product_tag":[],"class_list":{"0":"post-1508","1":"product","2":"type-product","3":"status-publish","4":"has-post-thumbnail","6":"product_cat-caribe","8":"first","9":"instock","10":"shipping-taxable","11":"product-type-simple"},"aioseo_notices":[],"_links":{"self":[{"href":"https:\/\/agenciaviiza.com\/index.php?rest_route=\/wp\/v2\/product\/1508","targetHints":{"allow":["GET"]}}],"collection":[{"href":"https:\/\/agenciaviiza.com\/index.php?rest_route=\/wp\/v2\/product"}],"about":[{"href":"https:\/\/agenciaviiza.com\/index.php?rest_route=\/wp\/v2\/types\/product"}],"replies":[{"embeddable":true,"href":"https:\/\/agenciaviiza.com\/index.php?rest_route=%2Fwp%2Fv2%2Fcomments&post=1508"}],"wp:featuredmedia":[{"embeddable":true,"href":"https:\/\/agenciaviiza.com\/index.php?rest_route=\/wp\/v2\/media\/1492"}],"wp:attachment":[{"href":"https:\/\/agenciaviiza.com\/index.php?rest_route=%2Fwp%2Fv2%2Fmedia&parent=1508"}],"wp:term":[{"taxonomy":"product_cat","embeddable":true,"href":"https:\/\/agenciaviiza.com\/index.php?rest_route=%2Fwp%2Fv2%2Fproduct_cat&post=1508"},{"taxonomy":"product_tag","embeddable":true,"href":"https:\/\/agenciaviiza.com\/index.php?rest_route=%2Fwp%2Fv2%2Fproduct_tag&post=1508"}],"curies":[{"name":"wp","href":"https:\/\/api.w.org\/{rel}","templated":true}]}}