{"id":1506,"date":"2024-06-06T23:44:33","date_gmt":"2024-06-06T21:44:33","guid":{"rendered":"https:\/\/agenciaviiza.com\/?post_type=product&#038;p=1506"},"modified":"2024-06-07T00:17:33","modified_gmt":"2024-06-06T22:17:33","slug":"turquia-en-10-dias","status":"publish","type":"product","link":"https:\/\/agenciaviiza.com\/?product=turquia-en-10-dias","title":{"rendered":"TURQU\u00cdA EN 10 D\u00cdAS"},"content":{"rendered":"<p>!Visita Turqu\u00eda SIN VISA!! Aprovecha de este recurso y conoce una nueva cultura, paisajes y una nueva experiencia para ti y los tuyos!<br \/><span id=\"docs-internal-guid-e4ec40af-7fff-0948-582a-177255c0d58f\"><\/p>\n<ul style=\"margin-top:0cm\" type=\"disc\">SERVICIOS INCLUIDOS EN TURQU\u00cdA:<br \/>\u2022\tBoleto a\u00e9reo internacional Ecuador \u2013 Estambul \u2013 Ecuador.<br \/>\u2022\tTraslados Aeropuerto \/ Hotel \/ Aeropuerto con asistencia de habla hispana.<br \/>\u2022\tIVA de Mayorista y Agencia.<br \/>\u2022\t4 noches de alojamiento en Estambul en hotel 5*, incluido desayuno.<br \/>\u2022\t2 noches de alojamiento en Capadocia hotel 4*, en r\u00e9gimen media pensi\u00f3n, sin bebidas.<br \/>\u2022\t1 noche de alojamiento en Pamukkale hotel 4*, en r\u00e9gimen media pensi\u00f3n, sin bebidas.<br \/>\u2022\t1 noche de alojamiento en Izmir o Kusadasi hotel 4*, en r\u00e9gimen media pensi\u00f3n, sin bebidas.<br \/>\u2022\tPaseo en barco por el B\u00f3sforo + visita al Bazar Egipcio. Visita a la Mezquita de Soliman el Magnifico.<br \/>\u2022\tVisitas de acuerdo con el itinerario. Entradas a los sitios hist\u00f3ricos durante las excursiones guiadas. <br \/>\u2022\tGu\u00eda profesional de habla hispana durante todo el viaje.<\/p>\n<\/ul>\n<p><\/span><\/p>\n","protected":false},"excerpt":{"rendered":"<p>!Visita Turqu\u00eda SIN VISA!! Aprovecha de este recurso y conoce una nueva cultura, paisajes y una nueva experiencia para ti y los tuyos! SERVICIOS INCLUIDOS EN TURQU\u00cdA:\u2022 Boleto a\u00e9reo internacional Ecuador \u2013 Estambul \u2013 Ecuador.\u2022 Traslados Aeropuerto \/ Hotel \/ Aeropuerto con asistencia de habla hispana.\u2022 IVA de Mayorista y Agencia.\u2022 4 noches de alojamiento [&hellip;]<\/p>\n","protected":false},"featured_media":1472,"comment_status":"open","ping_status":"closed","template":"","meta":{"_glsr_average":0,"_glsr_ranking":0,"_glsr_reviews":0},"product_cat":[35],"product_tag":[],"class_list":{"0":"post-1506","1":"product","2":"type-product","3":"status-publish","4":"has-post-thumbnail","6":"product_cat-medio-oriente","8":"first","9":"instock","10":"sale","11":"shipping-taxable","12":"purchasable","13":"product-type-simple"},"aioseo_notices":[],"_links":{"self":[{"href":"https:\/\/agenciaviiza.com\/index.php?rest_route=\/wp\/v2\/product\/1506","targetHints":{"allow":["GET"]}}],"collection":[{"href":"https:\/\/agenciaviiza.com\/index.php?rest_route=\/wp\/v2\/product"}],"about":[{"href":"https:\/\/agenciaviiza.com\/index.php?rest_route=\/wp\/v2\/types\/product"}],"replies":[{"embeddable":true,"href":"https:\/\/agenciaviiza.com\/index.php?rest_route=%2Fwp%2Fv2%2Fcomments&post=1506"}],"wp:featuredmedia":[{"embeddable":true,"href":"https:\/\/agenciaviiza.com\/index.php?rest_route=\/wp\/v2\/media\/1472"}],"wp:attachment":[{"href":"https:\/\/agenciaviiza.com\/index.php?rest_route=%2Fwp%2Fv2%2Fmedia&parent=1506"}],"wp:term":[{"taxonomy":"product_cat","embeddable":true,"href":"https:\/\/agenciaviiza.com\/index.php?rest_route=%2Fwp%2Fv2%2Fproduct_cat&post=1506"},{"taxonomy":"product_tag","embeddable":true,"href":"https:\/\/agenciaviiza.com\/index.php?rest_route=%2Fwp%2Fv2%2Fproduct_tag&post=1506"}],"curies":[{"name":"wp","href":"https:\/\/api.w.org\/{rel}","templated":true}]}}