{"id":1504,"date":"2024-06-06T23:37:39","date_gmt":"2024-06-06T21:37:39","guid":{"rendered":"https:\/\/agenciaviiza.com\/?post_type=product&#038;p=1504"},"modified":"2024-06-06T23:58:49","modified_gmt":"2024-06-06T21:58:49","slug":"panama-medellin-7-dias-6-noches","status":"publish","type":"product","link":"https:\/\/agenciaviiza.com\/?product=panama-medellin-7-dias-6-noches","title":{"rendered":"PANAMA + MEDELLIN 7 DIAS &#8211; 6 NOCHES"},"content":{"rendered":"<p>Viajemos por estas dos grandes y magnificas ciudades llenas de historia, tradicion y cultura <br \/><strong>PROGRAMA INCLUYE<\/strong>:<\/p>\n<p><strong>MEDELL\u00cdN <\/strong>\u201c<strong>Ciudad de Moda e Innovaci\u00f3n\u201d:<\/strong><br \/>03 noches de alojamiento de acuerdo con el hotel seleccionado <strong><em>+ desayuno incluido<\/em><\/strong><br \/>Traslado in \/ out en servicio compartido \u2013 <strong>aplica para horarios diurnos<\/strong><br \/>Visita a la ciudad y sus lugares m\u00e1s emblem\u00e1ticos con metro y metro cable en servicio compartido<br \/>Full day visita a los embalses de Guatap\u00e9 y pe\u00f1ol \u2013 pasajeros deben llegar a punto de encuentro (no incluye ascenso a la piedra)<br \/><strong>CORTES\u00cdA <\/strong>media botella de aguardiente antioque\u00f1o (1 por habitaci\u00f3n)<\/p>\n<p><strong>PANAM\u00c1:<\/strong><br \/>02 noches de alojamiento en <strong>Hotel The Executive\/Hampton by Hilton \/Holiday Inn + 01 noche<\/strong> <strong>GRATIS<\/strong><br \/>Desayunos diarios.<br \/>Traslado Aeropuerto PTY \u2013 Hotel \u2013 Aeropuerto PTY en servicio compartido \u2013 <strong>aplica para horarios diurnos.<\/strong><br \/>D\u00eda Completo &#8211; Tour por la ciudad + canal sin entradas + Compras Albrook Mall (martes, jueves, s\u00e1bado y Domingo).<br \/><strong>\u00a1GRATIS!<\/strong> D\u00eda Completo: Tour a Zona Libre (s\u00f3lo aplica lunes, mi\u00e9rcoles y viernes)<br \/><strong>CORTES\u00cdA:<\/strong> Sim Card sin datos.<br \/>Impuestos Hoteleros\u00a0<br \/>IVA e impuestos de Ecuador<\/p>\n<p>Cotiza con nosotros los vuelos y no te pierdas de esta gran combinacion!<\/p>\n","protected":false},"excerpt":{"rendered":"<p>Viajemos por estas dos grandes y magnificas ciudades llenas de historia, tradicion y cultura PROGRAMA INCLUYE: MEDELL\u00cdN \u201cCiudad de Moda e Innovaci\u00f3n\u201d:03 noches de alojamiento de acuerdo con el hotel seleccionado + desayuno incluidoTraslado in \/ out en servicio compartido \u2013 aplica para horarios diurnosVisita a la ciudad y sus lugares m\u00e1s emblem\u00e1ticos con metro [&hellip;]<\/p>\n","protected":false},"featured_media":1464,"comment_status":"open","ping_status":"closed","template":"","meta":{"_glsr_average":0,"_glsr_ranking":0,"_glsr_reviews":0},"product_cat":[26],"product_tag":[],"class_list":{"0":"post-1504","1":"product","2":"type-product","3":"status-publish","4":"has-post-thumbnail","6":"product_cat-caribe","8":"first","9":"instock","10":"sale","11":"shipping-taxable","12":"purchasable","13":"product-type-simple"},"aioseo_notices":[],"_links":{"self":[{"href":"https:\/\/agenciaviiza.com\/index.php?rest_route=\/wp\/v2\/product\/1504","targetHints":{"allow":["GET"]}}],"collection":[{"href":"https:\/\/agenciaviiza.com\/index.php?rest_route=\/wp\/v2\/product"}],"about":[{"href":"https:\/\/agenciaviiza.com\/index.php?rest_route=\/wp\/v2\/types\/product"}],"replies":[{"embeddable":true,"href":"https:\/\/agenciaviiza.com\/index.php?rest_route=%2Fwp%2Fv2%2Fcomments&post=1504"}],"wp:featuredmedia":[{"embeddable":true,"href":"https:\/\/agenciaviiza.com\/index.php?rest_route=\/wp\/v2\/media\/1464"}],"wp:attachment":[{"href":"https:\/\/agenciaviiza.com\/index.php?rest_route=%2Fwp%2Fv2%2Fmedia&parent=1504"}],"wp:term":[{"taxonomy":"product_cat","embeddable":true,"href":"https:\/\/agenciaviiza.com\/index.php?rest_route=%2Fwp%2Fv2%2Fproduct_cat&post=1504"},{"taxonomy":"product_tag","embeddable":true,"href":"https:\/\/agenciaviiza.com\/index.php?rest_route=%2Fwp%2Fv2%2Fproduct_tag&post=1504"}],"curies":[{"name":"wp","href":"https:\/\/api.w.org\/{rel}","templated":true}]}}