{"id":1498,"date":"2024-06-06T23:24:50","date_gmt":"2024-06-06T21:24:50","guid":{"rendered":"https:\/\/agenciaviiza.com\/?post_type=product&#038;p=1498"},"modified":"2024-06-06T23:38:55","modified_gmt":"2024-06-06T21:38:55","slug":"sao-paulo-4-dias-3-noches","status":"publish","type":"product","link":"https:\/\/agenciaviiza.com\/?product=sao-paulo-4-dias-3-noches","title":{"rendered":"S\u00c3O PAULO  4 D\u00cdAS &#8211; 3 NOCHES"},"content":{"rendered":"<p>Vive una experiencia inolvidable presenciando uno de los eventos deportivos m\u00e1s exigentes del mundo automotor en el gran premio de Brasil de la F\u00f3rmula 1 en S\u00e3o Paulo.<\/p>\n<p>Incluye:<br \/>&#8211;  Traslado Aeropuerto &#8211; Hotel &#8211; Aeropuerto.<br \/>&#8211;  Hospedaje.<br \/>&#8211;  Desayunos.<\/p>\n","protected":false},"excerpt":{"rendered":"<p>Vive una experiencia inolvidable presenciando uno de los eventos deportivos m\u00e1s exigentes del mundo automotor en el gran premio de Brasil de la F\u00f3rmula 1 en S\u00e3o Paulo. Incluye:&#8211; Traslado Aeropuerto &#8211; Hotel &#8211; Aeropuerto.&#8211; Hospedaje.&#8211; Desayunos.<\/p>\n","protected":false},"featured_media":1487,"comment_status":"open","ping_status":"closed","template":"","meta":{"_glsr_average":0,"_glsr_ranking":0,"_glsr_reviews":0},"product_cat":[26],"product_tag":[],"class_list":{"0":"post-1498","1":"product","2":"type-product","3":"status-publish","4":"has-post-thumbnail","6":"product_cat-caribe","8":"first","9":"instock","10":"shipping-taxable","11":"product-type-simple"},"aioseo_notices":[],"_links":{"self":[{"href":"https:\/\/agenciaviiza.com\/index.php?rest_route=\/wp\/v2\/product\/1498","targetHints":{"allow":["GET"]}}],"collection":[{"href":"https:\/\/agenciaviiza.com\/index.php?rest_route=\/wp\/v2\/product"}],"about":[{"href":"https:\/\/agenciaviiza.com\/index.php?rest_route=\/wp\/v2\/types\/product"}],"replies":[{"embeddable":true,"href":"https:\/\/agenciaviiza.com\/index.php?rest_route=%2Fwp%2Fv2%2Fcomments&post=1498"}],"wp:featuredmedia":[{"embeddable":true,"href":"https:\/\/agenciaviiza.com\/index.php?rest_route=\/wp\/v2\/media\/1487"}],"wp:attachment":[{"href":"https:\/\/agenciaviiza.com\/index.php?rest_route=%2Fwp%2Fv2%2Fmedia&parent=1498"}],"wp:term":[{"taxonomy":"product_cat","embeddable":true,"href":"https:\/\/agenciaviiza.com\/index.php?rest_route=%2Fwp%2Fv2%2Fproduct_cat&post=1498"},{"taxonomy":"product_tag","embeddable":true,"href":"https:\/\/agenciaviiza.com\/index.php?rest_route=%2Fwp%2Fv2%2Fproduct_tag&post=1498"}],"curies":[{"name":"wp","href":"https:\/\/api.w.org\/{rel}","templated":true}]}}