{"id":1489,"date":"2024-06-06T23:14:13","date_gmt":"2024-06-06T21:14:13","guid":{"rendered":"https:\/\/agenciaviiza.com\/?post_type=product&#038;p=1489"},"modified":"2024-06-06T23:49:41","modified_gmt":"2024-06-06T21:49:41","slug":"turquia-dubai-14-dias-13-noches","status":"publish","type":"product","link":"https:\/\/agenciaviiza.com\/?product=turquia-dubai-14-dias-13-noches","title":{"rendered":"TURQU\u00cdA + DUB\u00c1I 14 DIAS &#8211; 13 NOCHES"},"content":{"rendered":"<p>Sumergete en la impresionante y extraordinaria riqueza historica de Turquia, e<strong>s un pa\u00eds que atesora algunos de los sitios arqueol\u00f3gicos m\u00e1s antiguos del mundo,<\/strong> y ademas es la cuna de incontables civilizaciones, imperios y leyendas.<br \/><strong>SERVICIOS INCLUIDOS EN TURQU\u00cdA:<\/strong><br \/>-Boleto a\u00e9reo internacional Ecuador \u2013 Estambul \/\/ Dub\u00e1i \u2013 Ecuador.<br \/>-Boleto a\u00e9reo internacional Estambul \u2013 Dub\u00e1i.<br \/>-Traslados Aeropuerto \/ Hotel \/ Aeropuerto con asistencia de habla hispana.<br \/>I-VA de Mayorista y Agencia.<br \/>-4 noches de alojamiento en Estambul en hotel 5*, incluido desayuno.<br \/>-2 noches de alojamiento en Capadocia hotel 4*, en r\u00e9gimen media pensi\u00f3n, sin bebidas.<br \/>-1 noche de alojamiento en Pamukkale hotel 4*, en r\u00e9gimen media pensi\u00f3n, sin bebidas.<br \/>-1 noche de alojamiento en Izmir o Kusadasi hotel 4*, en r\u00e9gimen media pensi\u00f3n, sin bebidas.<br \/>-Paseo en barco por el B\u00f3sforo + visita al Bazar Egipcio. Visita a la Mezquita de Soliman el Magnifico.<br \/>-Visitas de acuerdo con el itinerario. Entradas a los sitios hist\u00f3ricos durante las excursiones guiadas.\u00a0<br \/>-Gu\u00eda profesional de habla hispana durante todo el viaje.<\/p>\n","protected":false},"excerpt":{"rendered":"<p>Sumergete en la impresionante y extraordinaria riqueza historica de Turquia, es un pa\u00eds que atesora algunos de los sitios arqueol\u00f3gicos m\u00e1s antiguos del mundo, y ademas es la cuna de incontables civilizaciones, imperios y leyendas.SERVICIOS INCLUIDOS EN TURQU\u00cdA:-Boleto a\u00e9reo internacional Ecuador \u2013 Estambul \/\/ Dub\u00e1i \u2013 Ecuador.-Boleto a\u00e9reo internacional Estambul \u2013 Dub\u00e1i.-Traslados Aeropuerto \/ Hotel [&hellip;]<\/p>\n","protected":false},"featured_media":1472,"comment_status":"open","ping_status":"closed","template":"","meta":{"_glsr_average":0,"_glsr_ranking":0,"_glsr_reviews":0},"product_cat":[26],"product_tag":[],"class_list":{"0":"post-1489","1":"product","2":"type-product","3":"status-publish","4":"has-post-thumbnail","6":"product_cat-caribe","8":"first","9":"instock","10":"sale","11":"shipping-taxable","12":"purchasable","13":"product-type-simple"},"aioseo_notices":[],"_links":{"self":[{"href":"https:\/\/agenciaviiza.com\/index.php?rest_route=\/wp\/v2\/product\/1489","targetHints":{"allow":["GET"]}}],"collection":[{"href":"https:\/\/agenciaviiza.com\/index.php?rest_route=\/wp\/v2\/product"}],"about":[{"href":"https:\/\/agenciaviiza.com\/index.php?rest_route=\/wp\/v2\/types\/product"}],"replies":[{"embeddable":true,"href":"https:\/\/agenciaviiza.com\/index.php?rest_route=%2Fwp%2Fv2%2Fcomments&post=1489"}],"wp:featuredmedia":[{"embeddable":true,"href":"https:\/\/agenciaviiza.com\/index.php?rest_route=\/wp\/v2\/media\/1472"}],"wp:attachment":[{"href":"https:\/\/agenciaviiza.com\/index.php?rest_route=%2Fwp%2Fv2%2Fmedia&parent=1489"}],"wp:term":[{"taxonomy":"product_cat","embeddable":true,"href":"https:\/\/agenciaviiza.com\/index.php?rest_route=%2Fwp%2Fv2%2Fproduct_cat&post=1489"},{"taxonomy":"product_tag","embeddable":true,"href":"https:\/\/agenciaviiza.com\/index.php?rest_route=%2Fwp%2Fv2%2Fproduct_tag&post=1489"}],"curies":[{"name":"wp","href":"https:\/\/api.w.org\/{rel}","templated":true}]}}