{"id":1200,"date":"2024-06-02T21:08:28","date_gmt":"2024-06-02T19:08:28","guid":{"rendered":"https:\/\/agenciaviiza.com\/?post_type=product&#038;p=1200"},"modified":"2024-06-02T21:13:53","modified_gmt":"2024-06-02T19:13:53","slug":"disney-8-dias-07-noches","status":"publish","type":"product","link":"https:\/\/agenciaviiza.com\/?product=disney-8-dias-07-noches","title":{"rendered":"DISNEY &#8211; 8 D\u00cdAS -07 NOCHES"},"content":{"rendered":"<p>\u00a1Disfruta de uno de los mejores parques tem\u00e1ticos del mundo con nuestro paquete magia sin fronteras!<\/p>\n<p>Incluye:<br \/>&#8211;  Boleto a\u00e9reo (equipaje de bodega de 23 kg y maleta de mano 10\u202fkg).<br \/>-Traslados a Aeropuerto (MCO) \u2013 Hotel (MCO) (servicio en compartido).<br \/>&#8211; 07 noches de alojamiento en Hotel seleccionado.<br \/>&#8211; Desayuno diario (07 \u2013 09 am).<br \/>&#8211; Traslados<em>  y admisi\u00f3n a:  1 d\u00eda Parque Tem\u00e1tico Disney&#8217;s Magic Kingdom, 1 d\u00eda Parque Tem\u00e1tico Disney&#8217;s Animal Kingdom, 1 d\u00eda Parque Tem\u00e1tico EPCOT ,1 d\u00eda Parque Tem\u00e1tico Disney&#8217;s Hollywood Studios <\/em>.<br \/>&#8211; Los traslados a los parques son proporcionados por el hotel (SERVICIO SHUTTLE).<br \/>&#8211; Traslado de Hotel (MCO)\u2013 Aeropuerto (MCO) (servicio en compartido).<br \/>&#8211; Seguro de viaje con asistencia COVID-19.<\/p>\n","protected":false},"excerpt":{"rendered":"<p>\u00a1Disfruta de uno de los mejores parques tem\u00e1ticos del mundo con nuestro paquete magia sin fronteras! Incluye:&#8211; Boleto a\u00e9reo (equipaje de bodega de 23 kg y maleta de mano 10\u202fkg).-Traslados a Aeropuerto (MCO) \u2013 Hotel (MCO) (servicio en compartido).&#8211; 07 noches de alojamiento en Hotel seleccionado.&#8211; Desayuno diario (07 \u2013 09 am).&#8211; Traslados y admisi\u00f3n [&hellip;]<\/p>\n","protected":false},"featured_media":1201,"comment_status":"open","ping_status":"closed","template":"","meta":{"_glsr_average":0,"_glsr_ranking":0,"_glsr_reviews":0},"product_cat":[32],"product_tag":[],"class_list":{"0":"post-1200","1":"product","2":"type-product","3":"status-publish","4":"has-post-thumbnail","6":"product_cat-america-del-norte","8":"first","9":"instock","10":"shipping-taxable","11":"purchasable","12":"product-type-simple"},"aioseo_notices":[],"_links":{"self":[{"href":"https:\/\/agenciaviiza.com\/index.php?rest_route=\/wp\/v2\/product\/1200","targetHints":{"allow":["GET"]}}],"collection":[{"href":"https:\/\/agenciaviiza.com\/index.php?rest_route=\/wp\/v2\/product"}],"about":[{"href":"https:\/\/agenciaviiza.com\/index.php?rest_route=\/wp\/v2\/types\/product"}],"replies":[{"embeddable":true,"href":"https:\/\/agenciaviiza.com\/index.php?rest_route=%2Fwp%2Fv2%2Fcomments&post=1200"}],"wp:featuredmedia":[{"embeddable":true,"href":"https:\/\/agenciaviiza.com\/index.php?rest_route=\/wp\/v2\/media\/1201"}],"wp:attachment":[{"href":"https:\/\/agenciaviiza.com\/index.php?rest_route=%2Fwp%2Fv2%2Fmedia&parent=1200"}],"wp:term":[{"taxonomy":"product_cat","embeddable":true,"href":"https:\/\/agenciaviiza.com\/index.php?rest_route=%2Fwp%2Fv2%2Fproduct_cat&post=1200"},{"taxonomy":"product_tag","embeddable":true,"href":"https:\/\/agenciaviiza.com\/index.php?rest_route=%2Fwp%2Fv2%2Fproduct_tag&post=1200"}],"curies":[{"name":"wp","href":"https:\/\/api.w.org\/{rel}","templated":true}]}}