{"id":1193,"date":"2024-06-02T20:50:25","date_gmt":"2024-06-02T18:50:25","guid":{"rendered":"https:\/\/agenciaviiza.com\/?post_type=product&#038;p=1193"},"modified":"2024-06-02T20:55:52","modified_gmt":"2024-06-02T18:55:52","slug":"costa-rica-5dias-4-noches","status":"publish","type":"product","link":"https:\/\/agenciaviiza.com\/?product=costa-rica-5dias-4-noches","title":{"rendered":"COSTA RICA 5 D\u00cdAS &#8211; 4 NOCHES"},"content":{"rendered":"<p>\u00a1Disfruta de una aventura inolvidable con nuestro paquete de 5 d\u00edas y 4 noches a Costa Rica!<\/p>\n<p>Incluye: <br \/>Traslado Aeropuerto (SJO) &#8211; Hotel \u2013 Aeropuerto (SJO). Servicio compartido.<br \/>&#8211;  04 noches alojamiento en hotel seleccionado.<br \/>&#8211;  Desayuno diarios.<br \/> &#8211; City Tour panor\u00e1mico de San Jos\u00e9 con compras y almuerzo<br \/>&#8211; Un Tour de 1 d\u00eda a escoger entre 2 Parques Nacionales: El parque natural, Refugio de Vida Silvestre de La Paz Waterfall Gardens y Tour, plantaciones de Caf\u00e9 Doka con almuerzo incluido  \u00d3 el volc\u00e1n Irazu, Bas\u00edlica de la Virgen de Los \u00c1ngeles en Cartago y Valle de Orosi con almuerzo incluido<\/p>\n","protected":false},"excerpt":{"rendered":"<p>\u00a1Disfruta de una aventura inolvidable con nuestro paquete de 5 d\u00edas y 4 noches a Costa Rica! Incluye: Traslado Aeropuerto (SJO) &#8211; Hotel \u2013 Aeropuerto (SJO). Servicio compartido.&#8211; 04 noches alojamiento en hotel seleccionado.&#8211; Desayuno diarios. &#8211; City Tour panor\u00e1mico de San Jos\u00e9 con compras y almuerzo&#8211; Un Tour de 1 d\u00eda a escoger entre [&hellip;]<\/p>\n","protected":false},"featured_media":1194,"comment_status":"open","ping_status":"closed","template":"","meta":{"_glsr_average":0,"_glsr_ranking":0,"_glsr_reviews":0},"product_cat":[26],"product_tag":[],"class_list":{"0":"post-1193","1":"product","2":"type-product","3":"status-publish","4":"has-post-thumbnail","6":"product_cat-caribe","8":"first","9":"instock","10":"sale","11":"shipping-taxable","12":"purchasable","13":"product-type-simple"},"aioseo_notices":[],"_links":{"self":[{"href":"https:\/\/agenciaviiza.com\/index.php?rest_route=\/wp\/v2\/product\/1193","targetHints":{"allow":["GET"]}}],"collection":[{"href":"https:\/\/agenciaviiza.com\/index.php?rest_route=\/wp\/v2\/product"}],"about":[{"href":"https:\/\/agenciaviiza.com\/index.php?rest_route=\/wp\/v2\/types\/product"}],"replies":[{"embeddable":true,"href":"https:\/\/agenciaviiza.com\/index.php?rest_route=%2Fwp%2Fv2%2Fcomments&post=1193"}],"wp:featuredmedia":[{"embeddable":true,"href":"https:\/\/agenciaviiza.com\/index.php?rest_route=\/wp\/v2\/media\/1194"}],"wp:attachment":[{"href":"https:\/\/agenciaviiza.com\/index.php?rest_route=%2Fwp%2Fv2%2Fmedia&parent=1193"}],"wp:term":[{"taxonomy":"product_cat","embeddable":true,"href":"https:\/\/agenciaviiza.com\/index.php?rest_route=%2Fwp%2Fv2%2Fproduct_cat&post=1193"},{"taxonomy":"product_tag","embeddable":true,"href":"https:\/\/agenciaviiza.com\/index.php?rest_route=%2Fwp%2Fv2%2Fproduct_tag&post=1193"}],"curies":[{"name":"wp","href":"https:\/\/api.w.org\/{rel}","templated":true}]}}